{"id":11949,"date":"2023-09-20T15:40:24","date_gmt":"2023-09-20T21:40:24","guid":{"rendered":"https:\/\/www.fmposgrado.unam.mx\/?page_id=11949"},"modified":"2023-09-29T15:19:53","modified_gmt":"2023-09-29T21:19:53","slug":"libros-posgrado","status":"publish","type":"page","link":"https:\/\/www.fmposgrado.unam.mx\/index.php\/libros-posgrado","title":{"rendered":"Libros posgrado"},"content":{"rendered":"<p>[et_pb_section fb_built=\u00bb1&#8243; _builder_version=\u00bb4.18.0&#8243; _module_preset=\u00bbdefault\u00bb global_colors_info=\u00bb{}\u00bb][et_pb_row use_custom_gutter=\u00bbon\u00bb gutter_width=\u00bb1&#8243; make_equal=\u00bbon\u00bb admin_label=\u00bbrow\u00bb _builder_version=\u00bb4.18.0&#8243; background_color=\u00bb#88C4DD\u00bb use_background_color_gradient=\u00bbon\u00bb background_color_gradient_type=\u00bbcircular\u00bb background_color_gradient_stops=\u00bbrgba(34,178,181,0.54) 0%|rgba(21, 73, 117, 0.56) 56%|rgba(15,28,89,0.57) 100%\u00bb background_color_gradient_start=\u00bbrgba(34,178,181,0.54)\u00bb background_color_gradient_end=\u00bbrgba(15,28,89,0.57)\u00bb background_image=\u00bbhttps:\/\/www.fmposgrado.unam.mx\/wp-content\/uploads\/2020\/05\/Sin-ti\u0301tulo-2.png\u00bb parallax=\u00bbon\u00bb width=\u00bb100%\u00bb max_width=\u00bb2468px\u00bb custom_margin=\u00bb-56px|auto|-5px|auto||\u00bb custom_padding=\u00bb50px||91px||false|false\u00bb locked=\u00bboff\u00bb global_colors_info=\u00bb{}\u00bb][et_pb_column type=\u00bb4_4&#8243; _builder_version=\u00bb4.16&#8243; custom_padding=\u00bb|||\u00bb global_colors_info=\u00bb{}\u00bb custom_padding__hover=\u00bb|||\u00bb][et_pb_text _builder_version=\u00bb4.18.0&#8243; text_font_size=\u00bb1px\u00bb header_font=\u00bb|600|||||||\u00bb header_text_color=\u00bb#ffffff\u00bb header_font_size=\u00bb41px\u00bb text_orientation=\u00bbcenter\u00bb custom_margin=\u00bb19px|||||\u00bb custom_padding=\u00bb2px|||||\u00bb global_colors_info=\u00bb{}\u00bb]<\/p>\n<h1>Libros | Posgrado<\/h1>\n<p>[\/et_pb_text][\/et_pb_column][\/et_pb_row][et_pb_row column_structure=\u00bb1_3,1_3,1_3&#8243; _builder_version=\u00bb4.18.0&#8243; _module_preset=\u00bbdefault\u00bb global_colors_info=\u00bb{}\u00bb][et_pb_column type=\u00bb1_3&#8243; _builder_version=\u00bb4.18.0&#8243; _module_preset=\u00bbdefault\u00bb global_colors_info=\u00bb{}\u00bb][et_pb_image src=\u00bbhttps:\/\/www.fmposgrado.unam.mx\/wp-content\/uploads\/Simulacion.-Innovacion-en-el-aprendizaje-medico-de-posgrado_Pagina_001-scaled.jpg\u00bb title_text=\u00bbSimulaci\u00f3n. Innovaci\u00f3n en el aprendizaje m\u00e9dico de posgrado_P\u00e1gina_001&#8243; url=\u00bbhttps:\/\/www.fmposgrado.unam.mx\/wp-content\/uploads\/Simulacion.-Innovacion-en-el-aprendizaje-medico-de-posgrado.pdf\u00bb url_new_window=\u00bbon\u00bb _builder_version=\u00bb4.18.0&#8243; _module_preset=\u00bbdefault\u00bb box_shadow_style=\u00bbpreset1&#8243; global_colors_info=\u00bb{}\u00bb][\/et_pb_image][\/et_pb_column][et_pb_column type=\u00bb1_3&#8243; _builder_version=\u00bb4.18.0&#8243; _module_preset=\u00bbdefault\u00bb global_colors_info=\u00bb{}\u00bb][et_pb_image src=\u00bbhttps:\/\/www.fmposgrado.unam.mx\/wp-content\/uploads\/Epilepsia-herramientas-actuales-para-el-diagnostico-y-tratamiento_Pagina_001-scaled.jpg\u00bb title_text=\u00bbEpilepsia herramientas actuales para el diagn\u00f3stico y tratamiento_P\u00e1gina_001&#8243; url=\u00bbhttps:\/\/www.fmposgrado.unam.mx\/wp-content\/uploads\/Epilepsia-herramientas-actuales-para-el-diagnostico-y-tratamiento.pdf\u00bb url_new_window=\u00bbon\u00bb _builder_version=\u00bb4.18.0&#8243; _module_preset=\u00bbdefault\u00bb box_shadow_style=\u00bbpreset1&#8243; global_colors_info=\u00bb{}\u00bb][\/et_pb_image][\/et_pb_column][et_pb_column type=\u00bb1_3&#8243; _builder_version=\u00bb4.18.0&#8243; _module_preset=\u00bbdefault\u00bb global_colors_info=\u00bb{}\u00bb][et_pb_image src=\u00bbhttps:\/\/www.fmposgrado.unam.mx\/wp-content\/uploads\/Desafios-metodologicos-vf-3-12_Pagina_001-scaled.jpg\u00bb title_text=\u00bbDesaf\u00edos-metodol\u00f3gicos-vf-3-12_P\u00e1gina_001&#8243; url=\u00bbhttps:\/\/www.fmposgrado.unam.mx\/wp-content\/uploads\/Desafios-metodologicos-vf-3-12.pdf\u00bb url_new_window=\u00bbon\u00bb _builder_version=\u00bb4.18.0&#8243; _module_preset=\u00bbdefault\u00bb hover_enabled=\u00bb0&#8243; box_shadow_style=\u00bbpreset1&#8243; global_colors_info=\u00bb{}\u00bb sticky_enabled=\u00bb0&#8243;][\/et_pb_image][\/et_pb_column][\/et_pb_row][\/et_pb_section]<\/p>\n","protected":false},"excerpt":{"rendered":"<p>Libros | Posgrado<\/p>\n","protected":false},"author":9,"featured_media":0,"parent":0,"menu_order":0,"comment_status":"closed","ping_status":"closed","template":"","meta":{"_acf_changed":false,"_et_pb_use_builder":"on","_et_pb_old_content":"","_et_gb_content_width":"","footnotes":""},"class_list":["post-11949","page","type-page","status-publish","hentry"],"acf":[],"_links":{"self":[{"href":"https:\/\/www.fmposgrado.unam.mx\/index.php\/wp-json\/wp\/v2\/pages\/11949","targetHints":{"allow":["GET"]}}],"collection":[{"href":"https:\/\/www.fmposgrado.unam.mx\/index.php\/wp-json\/wp\/v2\/pages"}],"about":[{"href":"https:\/\/www.fmposgrado.unam.mx\/index.php\/wp-json\/wp\/v2\/types\/page"}],"author":[{"embeddable":true,"href":"https:\/\/www.fmposgrado.unam.mx\/index.php\/wp-json\/wp\/v2\/users\/9"}],"replies":[{"embeddable":true,"href":"https:\/\/www.fmposgrado.unam.mx\/index.php\/wp-json\/wp\/v2\/comments?post=11949"}],"version-history":[{"count":10,"href":"https:\/\/www.fmposgrado.unam.mx\/index.php\/wp-json\/wp\/v2\/pages\/11949\/revisions"}],"predecessor-version":[{"id":12138,"href":"https:\/\/www.fmposgrado.unam.mx\/index.php\/wp-json\/wp\/v2\/pages\/11949\/revisions\/12138"}],"wp:attachment":[{"href":"https:\/\/www.fmposgrado.unam.mx\/index.php\/wp-json\/wp\/v2\/media?parent=11949"}],"curies":[{"name":"wp","href":"https:\/\/api.w.org\/{rel}","templated":true}]}}