{"id":20557,"date":"2026-04-22T17:15:20","date_gmt":"2026-04-22T23:15:20","guid":{"rendered":"https:\/\/www.fmposgrado.unam.mx\/?page_id=20557"},"modified":"2026-04-23T08:35:08","modified_gmt":"2026-04-23T14:35:08","slug":"af-33-2","status":"publish","type":"page","link":"https:\/\/www.fmposgrado.unam.mx\/index.php\/af-33-2","title":{"rendered":"AF 33 2"},"content":{"rendered":"\n[et_pb_section fb_built=\u00bb1&#8243; _builder_version=\u00bb4.27.6&#8243; _module_preset=\u00bbdefault\u00bb global_colors_info=\u00bb{}\u00bb][et_pb_row column_structure=\u00bb1_2,1_2&#8243; _builder_version=\u00bb4.27.6&#8243; _module_preset=\u00bbdefault\u00bb global_colors_info=\u00bb{}\u00bb][et_pb_column type=\u00bb1_2&#8243; _builder_version=\u00bb4.27.6&#8243; _module_preset=\u00bbdefault\u00bb global_colors_info=\u00bb{}\u00bb][et_pb_image src=\u00bbhttps:\/\/www.fmposgrado.unam.mx\/wp-content\/uploads\/portada-100-19-scaled.jpg\u00bb title_text=\u00bbportada 100&#8243; _builder_version=\u00bb4.27.6&#8243; _module_preset=\u00bbdefault\u00bb box_shadow_style=\u00bbpreset1&#8243; global_colors_info=\u00bb{}\u00bb][\/et_pb_image][\/et_pb_column][et_pb_column type=\u00bb1_2&#8243; _builder_version=\u00bb4.27.6&#8243; _module_preset=\u00bbdefault\u00bb global_colors_info=\u00bb{}\u00bb][et_pb_text _builder_version=\u00bb4.27.6&#8243; _module_preset=\u00bbdefault\u00bb link_option_url=\u00bbhttps:\/\/www.fmposgrado.unam.mx\/wp-content\/uploads\/AF-33-2-2026.pdf\u00bb link_option_url_new_window=\u00bbon\u00bb hover_enabled=\u00bb0&#8243; locked=\u00bboff\u00bb global_colors_info=\u00bb{}\u00bb sticky_enabled=\u00bb0&#8243;]<p><b>Aten. Fam. Volumen 33 no. 2 abril-junio, 2026<\/b><\/p>\n<p>(PDF completo)<\/p>[\/et_pb_text][et_pb_text _builder_version=\u00bb4.27.6&#8243; _module_preset=\u00bbdefault\u00bb link_option_url=\u00bbhttps:\/\/www.fmposgrado.unam.mx\/wp-content\/uploads\/EDITO-Investigacion-en-medicina-familiar.pdf\u00bb link_option_url_new_window=\u00bbon\u00bb hover_enabled=\u00bb0&#8243; locked=\u00bboff\u00bb global_colors_info=\u00bb{}\u00bb sticky_enabled=\u00bb0&#8243;]<p><b>Editorial<\/b><\/p>\n<p>Investigaci\u00f3n en medicina familiar en M\u00e9xico: reconocimiento formal y fragilidad estructural<\/p>[\/et_pb_text][et_pb_text _builder_version=\u00bb4.27.6&#8243; _module_preset=\u00bbdefault\u00bb link_option_url=\u00bbhttps:\/\/www.fmposgrado.unam.mx\/wp-content\/uploads\/OA-Factors-Associated-with-Timely.pdf\u00bb link_option_url_new_window=\u00bbon\u00bb hover_enabled=\u00bb0&#8243; locked=\u00bboff\u00bb global_colors_info=\u00bb{}\u00bb sticky_enabled=\u00bb0&#8243;]<p><strong>Original Article<\/strong><\/p>\n<p>Factors Associated with Timely Initiation of Prenatal Care at the Primary Care Level<\/p>[\/et_pb_text][et_pb_text _builder_version=\u00bb4.27.6&#8243; _module_preset=\u00bbdefault\u00bb link_option_url=\u00bbhttps:\/\/www.fmposgrado.unam.mx\/wp-content\/uploads\/AO-Factores-asociados-con-el-inicio.pdf\u00bb link_option_url_new_window=\u00bbon\u00bb hover_enabled=\u00bb0&#8243; locked=\u00bboff\u00bb global_colors_info=\u00bb{}\u00bb sticky_enabled=\u00bb0&#8243;]<p><strong>Art\u00edculo original<\/strong><\/p>\n<p>Factores asociados con el inicio oportuno del control prenatal en el primer nivel de atenci\u00f3n<\/p>[\/et_pb_text][et_pb_text _builder_version=\u00bb4.27.6&#8243; _module_preset=\u00bbdefault\u00bb link_option_url=\u00bbhttps:\/\/www.fmposgrado.unam.mx\/wp-content\/uploads\/OA-Risk-Factors-for-Disability.pdf\u00bb link_option_url_new_window=\u00bbon\u00bb hover_enabled=\u00bb0&#8243; locked=\u00bboff\u00bb global_colors_info=\u00bb{}\u00bb sticky_enabled=\u00bb0&#8243;]<p><strong>Original Article<\/strong><\/p>\n<p>Risk Factors for Disability in Patients with Chronic Low Back Pain<\/p>[\/et_pb_text][et_pb_text _builder_version=\u00bb4.27.6&#8243; _module_preset=\u00bbdefault\u00bb link_option_url=\u00bbhttps:\/\/www.fmposgrado.unam.mx\/wp-content\/uploads\/AO-Factores-de-riesgo-para-discapacidad.pdf\u00bb link_option_url_new_window=\u00bbon\u00bb hover_enabled=\u00bb0&#8243; locked=\u00bboff\u00bb global_colors_info=\u00bb{}\u00bb sticky_enabled=\u00bb0&#8243;]<p><strong>Art\u00edculo original<\/strong><\/p>\n<p>Factores de riesgo para discapacidad en pacientes con lumbalgia cr\u00f3nica<\/p>[\/et_pb_text][et_pb_text _builder_version=\u00bb4.27.6&#8243; _module_preset=\u00bbdefault\u00bb link_option_url=\u00bbhttps:\/\/www.fmposgrado.unam.mx\/wp-content\/uploads\/AO-Nivel-de-conocimiento-sobre-dengue.pdf\u00bb link_option_url_new_window=\u00bbon\u00bb hover_enabled=\u00bb0&#8243; locked=\u00bboff\u00bb global_colors_info=\u00bb{}\u00bb sticky_enabled=\u00bb0&#8243;]<p><strong>Art\u00edculo original<\/strong><\/p>\n<p>Nivel de conocimiento sobre dengue y sus medidas de prevenci\u00f3n en poblaci\u00f3n adulta<\/p>[\/et_pb_text][et_pb_text _builder_version=\u00bb4.27.6&#8243; _module_preset=\u00bbdefault\u00bb link_option_url=\u00bbhttps:\/\/www.fmposgrado.unam.mx\/wp-content\/uploads\/AO-Factores-asociados-al-nivel-de-conocimiento.pdf\u00bb link_option_url_new_window=\u00bbon\u00bb hover_enabled=\u00bb0&#8243; locked=\u00bboff\u00bb global_colors_info=\u00bb{}\u00bb sticky_enabled=\u00bb0&#8243;]<p><strong>Art\u00edculo original<\/strong><\/p>\n<p>Factores asociados al nivel de conocimiento, actitud y percepci\u00f3n ante la tuberculosis pulmonar<\/p>[\/et_pb_text][et_pb_text _builder_version=\u00bb4.27.6&#8243; _module_preset=\u00bbdefault\u00bb link_option_url=\u00bbhttps:\/\/www.fmposgrado.unam.mx\/wp-content\/uploads\/AE-Dermatitis-de-contacto-irritativa.pdf\u00bb link_option_url_new_window=\u00bbon\u00bb hover_enabled=\u00bb0&#8243; locked=\u00bboff\u00bb global_colors_info=\u00bb{}\u00bb sticky_enabled=\u00bb0&#8243;]<p><strong>Art\u00edculo especial<\/strong><\/p>\n<p>Dermatitis de contacto irritativa secundaria al uso de capsaicina en paciente oncol\u00f3gica<\/p>[\/et_pb_text][et_pb_text _builder_version=\u00bb4.27.6&#8243; _module_preset=\u00bbdefault\u00bb link_option_url=\u00bbhttps:\/\/www.fmposgrado.unam.mx\/wp-content\/uploads\/CE-El-medico-de-familia-invisible.pdf\u00bb link_option_url_new_window=\u00bbon\u00bb hover_enabled=\u00bb0&#8243; locked=\u00bboff\u00bb global_colors_info=\u00bb{}\u00bb sticky_enabled=\u00bb0&#8243;]<p><strong>Carta al editor<\/strong><\/p>\n<p>El m\u00e9dico de familia invisible: una omisi\u00f3n persistente en las gu\u00edas <span>GINA <\/span>y <span>GOLD<\/span><\/p>[\/et_pb_text][et_pb_text _builder_version=\u00bb4.27.6&#8243; _module_preset=\u00bbdefault\u00bb link_option_url=\u00bbhttps:\/\/www.fmposgrado.unam.mx\/wp-content\/uploads\/CP-\u00bfPasas-el-dia-frente-a-pantallas.pdf\u00bb link_option_url_new_window=\u00bbon\u00bb hover_enabled=\u00bb0&#8243; locked=\u00bboff\u00bb global_colors_info=\u00bb{}\u00bb sticky_enabled=\u00bb0&#8243;]<p><strong>Comunicaci\u00f3n con el paciente<\/strong><\/p>\n<p>\u00bfPasas el d\u00eda frente a pantallas? Impactos en tu cuerpo y mente<\/p>[\/et_pb_text][et_pb_text _builder_version=\u00bb4.27.6&#8243; _module_preset=\u00bbdefault\u00bb link_option_url=\u00bbhttps:\/\/www.fmposgrado.unam.mx\/wp-content\/uploads\/IDENTIFIQUE-caso-9.pdf\u00bb link_option_url_new_window=\u00bbon\u00bb hover_enabled=\u00bb0&#8243; locked=\u00bboff\u00bb global_colors_info=\u00bb{}\u00bb sticky_enabled=\u00bb0&#8243;]<p><strong>Identifique el caso<\/strong><\/p>\n<p>Caso nuevo<\/p>[\/et_pb_text][et_pb_text _builder_version=\u00bb4.27.6&#8243; _module_preset=\u00bbdefault\u00bb link_option_url=\u00bbhttps:\/\/www.fmposgrado.unam.mx\/wp-content\/uploads\/JC-El-descanso-como-necesidad.pdf\u00bb link_option_url_new_window=\u00bbon\u00bb hover_enabled=\u00bb0&#8243; locked=\u00bboff\u00bb global_colors_info=\u00bb{}\u00bb sticky_enabled=\u00bb0&#8243;]<p><em><strong>Journal Club<\/strong><\/em><\/p>\n<p>El descanso como necesidad: calidad del sue\u00f1o y salud mental en la educaci\u00f3n m\u00e9dica<\/p>[\/et_pb_text][et_pb_text _builder_version=\u00bb4.27.6&#8243; _module_preset=\u00bbdefault\u00bb link_option_url=\u00bbhttps:\/\/www.fmposgrado.unam.mx\/wp-content\/uploads\/JC-Desafios-clinicos-y-sociales.pdf\u00bb link_option_url_new_window=\u00bbon\u00bb hover_enabled=\u00bb0&#8243; locked=\u00bboff\u00bb global_colors_info=\u00bb{}\u00bb sticky_enabled=\u00bb0&#8243;]<p><em><strong>Journal Club<\/strong><\/em><\/p>\n<p>Desaf\u00edos cl\u00ednicos y sociales en mujeres menores de 40 a\u00f1os diagnosticadas con c\u00e1ncer cervicouterino<\/p>[\/et_pb_text][et_pb_text _builder_version=\u00bb4.27.6&#8243; _module_preset=\u00bbdefault\u00bb link_option_url=\u00bbhttps:\/\/www.fmposgrado.unam.mx\/wp-content\/uploads\/IDENTIFIQUE-RESP-luxacion-de-la-articulacion.pdf\u00bb link_option_url_new_window=\u00bbon\u00bb hover_enabled=\u00bb0&#8243; locked=\u00bboff\u00bb global_colors_info=\u00bb{}\u00bb sticky_enabled=\u00bb0&#8243;]<p><strong>Identifique el caso<\/strong><\/p>\n<p>Respuesta<\/p>[\/et_pb_text][et_pb_text _builder_version=\u00bb4.27.6&#8243; _module_preset=\u00bbdefault\u00bb link_option_url=\u00bbhttps:\/\/www.fmposgrado.unam.mx\/wp-content\/uploads\/INSTRUCCIONES-23.pdf\u00bb link_option_url_new_window=\u00bbon\u00bb hover_enabled=\u00bb0&#8243; locked=\u00bboff\u00bb global_colors_info=\u00bb{}\u00bb sticky_enabled=\u00bb0&#8243;]<p><strong>Instrucciones para los autores<\/strong><\/p>[\/et_pb_text][\/et_pb_column][\/et_pb_row][\/et_pb_section]\n","protected":false},"excerpt":{"rendered":"<p>Aten. Fam. Volumen 33 no. 2 abril-junio, 2026 (PDF completo)Editorial Investigaci\u00f3n en medicina familiar en M\u00e9xico: reconocimiento formal y fragilidad estructuralOriginal Article Factors Associated with Timely Initiation of Prenatal Care at the Primary Care LevelArt\u00edculo original Factores asociados con el inicio oportuno del control prenatal en el primer nivel de atenci\u00f3nOriginal Article Risk Factors for [&hellip;]<\/p>\n","protected":false},"author":9,"featured_media":0,"parent":0,"menu_order":0,"comment_status":"closed","ping_status":"closed","template":"","meta":{"_acf_changed":false,"_et_pb_use_builder":"on","_et_pb_old_content":"","_et_gb_content_width":"","footnotes":""},"class_list":["post-20557","page","type-page","status-publish","hentry"],"acf":[],"_links":{"self":[{"href":"https:\/\/www.fmposgrado.unam.mx\/index.php\/wp-json\/wp\/v2\/pages\/20557","targetHints":{"allow":["GET"]}}],"collection":[{"href":"https:\/\/www.fmposgrado.unam.mx\/index.php\/wp-json\/wp\/v2\/pages"}],"about":[{"href":"https:\/\/www.fmposgrado.unam.mx\/index.php\/wp-json\/wp\/v2\/types\/page"}],"author":[{"embeddable":true,"href":"https:\/\/www.fmposgrado.unam.mx\/index.php\/wp-json\/wp\/v2\/users\/9"}],"replies":[{"embeddable":true,"href":"https:\/\/www.fmposgrado.unam.mx\/index.php\/wp-json\/wp\/v2\/comments?post=20557"}],"version-history":[{"count":10,"href":"https:\/\/www.fmposgrado.unam.mx\/index.php\/wp-json\/wp\/v2\/pages\/20557\/revisions"}],"predecessor-version":[{"id":20577,"href":"https:\/\/www.fmposgrado.unam.mx\/index.php\/wp-json\/wp\/v2\/pages\/20557\/revisions\/20577"}],"wp:attachment":[{"href":"https:\/\/www.fmposgrado.unam.mx\/index.php\/wp-json\/wp\/v2\/media?parent=20557"}],"curies":[{"name":"wp","href":"https:\/\/api.w.org\/{rel}","templated":true}]}}