{"id":264,"date":"2020-05-20T15:44:47","date_gmt":"2020-05-20T15:44:47","guid":{"rendered":"https:\/\/132.247.127.129\/?page_id=264"},"modified":"2024-02-23T09:24:28","modified_gmt":"2024-02-23T15:24:28","slug":"jefatura","status":"publish","type":"page","link":"https:\/\/www.fmposgrado.unam.mx\/index.php\/jefatura","title":{"rendered":"Jefatura"},"content":{"rendered":"<p>[et_pb_section fb_built=\u00bb1&#8243; _builder_version=\u00bb4.16&#8243; use_background_color_gradient=\u00bbon\u00bb background_image=\u00bbhttps:\/\/www.fmposgrado.unam.mx\/wp-content\/uploads\/2020\/05\/DSC08403-scaled.jpg\u00bb custom_padding=\u00bb4px||4px|||\u00bb box_shadow_style=\u00bbpreset3&#8243; collapsed=\u00bbon\u00bb global_colors_info=\u00bb{}\u00bb][et_pb_row use_custom_gutter=\u00bbon\u00bb gutter_width=\u00bb1&#8243; make_equal=\u00bbon\u00bb admin_label=\u00bbrow\u00bb _builder_version=\u00bb4.16&#8243; use_background_color_gradient=\u00bbon\u00bb background_color_gradient_stops=\u00bbrgba(34,178,181,0.54) 0%|rgba(15,28,89,0.57) 100%\u00bb background_color_gradient_start=\u00bbrgba(34,178,181,0.54)\u00bb background_color_gradient_end=\u00bbrgba(15,28,89,0.57)\u00bb background_image=\u00bbhttps:\/\/www.fmposgrado.unam.mx\/wp-content\/uploads\/2020\/05\/Sin-ti\u0301tulo-2.png\u00bb parallax=\u00bbon\u00bb width=\u00bb100%\u00bb max_width=\u00bb2468px\u00bb custom_margin=\u00bb-11px|auto|-5px|auto||\u00bb custom_padding=\u00bb50px||90px||false|false\u00bb collapsed=\u00bboff\u00bb global_colors_info=\u00bb{}\u00bb][et_pb_column type=\u00bb4_4&#8243; _builder_version=\u00bb4.16&#8243; custom_padding=\u00bb|||\u00bb global_colors_info=\u00bb{}\u00bb custom_padding__hover=\u00bb|||\u00bb][et_pb_text _builder_version=\u00bb4.16&#8243; text_font_size=\u00bb1px\u00bb header_font=\u00bb|600|||||||\u00bb header_text_color=\u00bb#ffffff\u00bb header_font_size=\u00bb41px\u00bb text_orientation=\u00bbcenter\u00bb custom_margin=\u00bb19px|||||\u00bb custom_padding=\u00bb2px|||||\u00bb global_colors_info=\u00bb{}\u00bb]<\/p>\n<h1>Jefatura\u00a0<\/h1>\n<p>[\/et_pb_text][et_pb_text _builder_version=\u00bb4.16&#8243; text_font=\u00bb|300||on|||||\u00bb text_text_color=\u00bb#efab00&#8243; text_font_size=\u00bb22px\u00bb header_font=\u00bb|600|||||||\u00bb header_text_color=\u00bb#ffffff\u00bb header_font_size=\u00bb41px\u00bb text_orientation=\u00bbcenter\u00bb custom_margin=\u00bb19px|||||\u00bb custom_padding=\u00bb2px|||||\u00bb global_colors_info=\u00bb{}\u00bb]<\/p>\n<p>DIRECTORIO<\/p>\n<p>[\/et_pb_text][\/et_pb_column][\/et_pb_row][\/et_pb_section][et_pb_section fb_built=\u00bb1&#8243; _builder_version=\u00bb4.16&#8243; global_colors_info=\u00bb{}\u00bb][et_pb_row column_structure=\u00bb3_5,2_5&#8243; _builder_version=\u00bb4.16&#8243; collapsed=\u00bboff\u00bb global_colors_info=\u00bb{}\u00bb][et_pb_column type=\u00bb3_5&#8243; _builder_version=\u00bb4.16&#8243; global_colors_info=\u00bb{}\u00bb][et_pb_text _builder_version=\u00bb4.24.1&#8243; header_text_color=\u00bb#002282&#8243; global_colors_info=\u00bb{}\u00bb]<\/p>\n<h1>Ana Elena Lim\u00f3n Rojas<\/h1>\n<p>[\/et_pb_text][et_pb_text _builder_version=\u00bb4.24.1&#8243; text_orientation=\u00bbjustified\u00bb hover_enabled=\u00bb0&#8243; text_orientation_tablet=\u00bb\u00bb text_orientation_phone=\u00bbleft\u00bb text_orientation_last_edited=\u00bbon|phone\u00bb global_colors_info=\u00bb{}\u00bb sticky_enabled=\u00bb0&#8243;]<\/p>\n<p style=\"font-weight: 400;\">La Dra. Ana Elena Lim\u00f3n Rojas es egresada de la carrera de M\u00e9dico Cirujano por la universidad La Salle y realiz\u00f3 el posgrado de Pediatr\u00eda en la UNAM; con sede en el Hospital Norte de Pemex (Petr\u00f3leos Mexicanos). Tras ello, ingres\u00f3 al Hospital Central Sur de Alta Especialidad de Pemex Picacho, en el cual despu\u00e9s de haber sido m\u00e9dica adscrita, fungi\u00f3 como jefa de la unidad de pediatr\u00eda y luego como directora del mismo, as\u00ed tambi\u00e9n como coordinadora del Comit\u00e9 de Bio\u00e9tica del hospital e imparti\u00f3 el Curso de Pediatr\u00eda por la UNAM como profesora titular. Fue asesora del comit\u00e9 acad\u00e9mico de pediatr\u00eda de posgrado de la UNAM en el a\u00f1o 2000 y en el 2006 form\u00f3 parte del comit\u00e9 t\u00e9cnico de posgrado. Por otra parte, curs\u00f3 un diplomado en epidemiolog\u00eda cl\u00ednica en la Universidad de Puebla avalado por la UNAM y en administraci\u00f3n de hospitales. Adem\u00e1s de su trayectoria colaborativa con la UNAM, fue fundadora de la Asociaci\u00f3n Mexicana de Pediatras de Pemex, miembro titular de la Academia Mexicana de Pediatr\u00eda, as\u00ed como de la Academia Americana de Pediatr\u00eda, con distintos cargos en ambas instituciones. Durante los a\u00f1os 2013 y 2014 fue presidenta de la Asociaci\u00f3n Mexicana de Pediatr\u00eda y en el periodo 2021-2022, presidenta del Consejo Mexicano de Pediatr\u00eda. La doctora Lim\u00f3n cuenta con m\u00faltiples investigaciones de art\u00edculos cient\u00edficos y es autora de cuatro libros publicados. Ha participado como presidente del jurado de la UNAM en ex\u00e1menes profesionales de la carrera de M\u00e9dico Cirujano y ha ofrecido conferencias de especialidad en diversos eventos nacionales e internacionales.<\/p>\n<p style=\"font-weight: 400;\">Por otra parte, ha participado como asesora de programas de salud, de la serie \u00abCreciendo Fuertes\u00bb del Canal 11, 22 e ILCE. Como vocal del consejo editorial de la revista de vacunaci\u00f3n, coordinadora del comit\u00e9 editorial del <em>Pediatrics Review <\/em>en espa\u00f1ol. Por \u00faltimo, de febrero de 2020 a febrero de 2024 fue Secretaria de Ense\u00f1anza Cl\u00ednica, Internado M\u00e9dico y Servicio Social de la Facultad de Medicina.<\/p>\n<p>[\/et_pb_text][\/et_pb_column][et_pb_column type=\u00bb2_5&#8243; _builder_version=\u00bb4.16&#8243; global_colors_info=\u00bb{}\u00bb][et_pb_image src=\u00bbhttps:\/\/www.fmposgrado.unam.mx\/wp-content\/uploads\/IMG_0077.jpg\u00bb title_text=\u00bbIMG_0077&#8243; _builder_version=\u00bb4.24.1&#8243; _module_preset=\u00bbdefault\u00bb global_colors_info=\u00bb{}\u00bb][\/et_pb_image][\/et_pb_column][\/et_pb_row][\/et_pb_section]<\/p>\n","protected":false},"excerpt":{"rendered":"<p>Jefatura\u00a0DIRECTORIOAna Elena Lim\u00f3n RojasLa Dra. Ana Elena Lim\u00f3n Rojas es egresada de la carrera de M\u00e9dico Cirujano por la universidad La Salle y realiz\u00f3 el posgrado de Pediatr\u00eda en la UNAM; con sede en el Hospital Norte de Pemex (Petr\u00f3leos Mexicanos). Tras ello, ingres\u00f3 al Hospital Central Sur de Alta Especialidad de Pemex Picacho, en [&hellip;]<\/p>\n","protected":false},"author":4,"featured_media":0,"parent":0,"menu_order":0,"comment_status":"closed","ping_status":"closed","template":"","meta":{"_acf_changed":false,"_et_pb_use_builder":"on","_et_pb_old_content":"","_et_gb_content_width":"","footnotes":""},"class_list":["post-264","page","type-page","status-publish","hentry"],"acf":[],"_links":{"self":[{"href":"https:\/\/www.fmposgrado.unam.mx\/index.php\/wp-json\/wp\/v2\/pages\/264","targetHints":{"allow":["GET"]}}],"collection":[{"href":"https:\/\/www.fmposgrado.unam.mx\/index.php\/wp-json\/wp\/v2\/pages"}],"about":[{"href":"https:\/\/www.fmposgrado.unam.mx\/index.php\/wp-json\/wp\/v2\/types\/page"}],"author":[{"embeddable":true,"href":"https:\/\/www.fmposgrado.unam.mx\/index.php\/wp-json\/wp\/v2\/users\/4"}],"replies":[{"embeddable":true,"href":"https:\/\/www.fmposgrado.unam.mx\/index.php\/wp-json\/wp\/v2\/comments?post=264"}],"version-history":[{"count":29,"href":"https:\/\/www.fmposgrado.unam.mx\/index.php\/wp-json\/wp\/v2\/pages\/264\/revisions"}],"predecessor-version":[{"id":13085,"href":"https:\/\/www.fmposgrado.unam.mx\/index.php\/wp-json\/wp\/v2\/pages\/264\/revisions\/13085"}],"wp:attachment":[{"href":"https:\/\/www.fmposgrado.unam.mx\/index.php\/wp-json\/wp\/v2\/media?parent=264"}],"curies":[{"name":"wp","href":"https:\/\/api.w.org\/{rel}","templated":true}]}}