{"id":439,"date":"2020-06-01T18:18:09","date_gmt":"2020-06-01T18:18:09","guid":{"rendered":"https:\/\/132.247.127.129\/?page_id=439"},"modified":"2023-06-06T11:16:35","modified_gmt":"2023-06-06T16:16:35","slug":"bioetica","status":"publish","type":"page","link":"https:\/\/www.fmposgrado.unam.mx\/index.php\/bioetica","title":{"rendered":"Bio\u00e9tica"},"content":{"rendered":"<p>[et_pb_section fb_built=\u00bb1&#8243; next_background_color=\u00bb#0c71c3&#8243; _builder_version=\u00bb4.4.3&#8243; use_background_color_gradient=\u00bbon\u00bb background_image=\u00bbhttps:\/\/www.fmposgrado.unam.mx\/wp-content\/uploads\/2020\/06\/Captura-de-pantalla-2020-06-01-a-las-11.07.30.png\u00bb parallax=\u00bbon\u00bb custom_padding=\u00bb4px||4px|||\u00bb bottom_divider_style=\u00bbarrow2&#8243; box_shadow_style=\u00bbpreset3&#8243;][et_pb_row use_custom_gutter=\u00bbon\u00bb gutter_width=\u00bb1&#8243; make_equal=\u00bbon\u00bb admin_label=\u00bbrow\u00bb _builder_version=\u00bb4.4.3&#8243; use_background_color_gradient=\u00bbon\u00bb background_color_gradient_start=\u00bbrgba(34,178,181,0.54)\u00bb background_color_gradient_end=\u00bbrgba(15,28,89,0.57)\u00bb background_image=\u00bbhttps:\/\/www.fmposgrado.unam.mx\/wp-content\/uploads\/2020\/05\/Sin-ti\u0301tulo-2.png\u00bb parallax=\u00bbon\u00bb width=\u00bb100%\u00bb max_width=\u00bb2468px\u00bb custom_margin=\u00bb-11px|auto|-5px|auto||\u00bb custom_padding=\u00bb67px||91px|||\u00bb][et_pb_column type=\u00bb4_4&#8243; _builder_version=\u00bb3.25&#8243; custom_padding=\u00bb|||\u00bb custom_padding__hover=\u00bb|||\u00bb][et_pb_text _builder_version=\u00bb4.4.3&#8243; text_font_size=\u00bb1px\u00bb header_font=\u00bb|600|||||||\u00bb header_text_color=\u00bb#ffffff\u00bb header_font_size=\u00bb50px\u00bb text_orientation=\u00bbcenter\u00bb custom_margin=\u00bb19px|||||\u00bb custom_padding=\u00bb2px|||||\u00bb]<\/p>\n<h1>Bio\u00e9tica<\/h1>\n<p>[\/et_pb_text][et_pb_text _builder_version=\u00bb4.4.3&#8243; text_font=\u00bb|300||on|||||\u00bb text_text_color=\u00bb#efab00&#8243; text_font_size=\u00bb22px\u00bb header_font=\u00bb|600|||||||\u00bb header_text_color=\u00bb#ffffff\u00bb header_font_size=\u00bb41px\u00bb text_orientation=\u00bbcenter\u00bb custom_margin=\u00bb19px|||||\u00bb custom_padding=\u00bb2px|||||\u00bb]<\/p>\n<p>Videoteca\u00a0<\/p>\n<p>[\/et_pb_text][\/et_pb_column][\/et_pb_row][\/et_pb_section][et_pb_section fb_built=\u00bb1&#8243; _builder_version=\u00bb4.4.3&#8243; background_color=\u00bb#0c71c3&#8243; background_image=\u00bbhttps:\/\/www.fmposgrado.unam.mx\/wp-content\/uploads\/2020\/06\/Foncobcotext4.png\u00bb background_enable_video_mp4=\u00bboff\u00bb custom_padding=\u00bb0px|||||\u00bb top_divider_color=\u00bb#000000&#8243; top_divider_height=\u00bb227px\u00bb][et_pb_row column_structure=\u00bb1_3,1_3,1_3&#8243; _builder_version=\u00bb4.4.3&#8243; custom_padding=\u00bb8px|||||\u00bb][et_pb_column type=\u00bb1_3&#8243; _builder_version=\u00bb4.4.1&#8243;][et_pb_video src=\u00bbhttps:\/\/www.youtube.com\/watch?v=4aeqT2pDJV8&#8243; admin_label=\u00bbIntroducci\u00f3n a la Bio\u00e9tica\u00bb _builder_version=\u00bb4.4.1&#8243; custom_margin=\u00bb57px|||||\u00bb custom_padding=\u00bb40px|||||\u00bb src__hover_enabled=\u00bbon|desktop\u00bb][\/et_pb_video][et_pb_text _builder_version=\u00bb4.4.1&#8243; text_text_color=\u00bb#000000&#8243; text_font_size=\u00bb22px\u00bb text_orientation=\u00bbcenter\u00bb]<\/p>\n<p style=\"text-align: center;\">Introducci\u00f3n a la Bio\u00e9tica<\/p>\n<p>[\/et_pb_text][et_pb_video src=\u00bbhttps:\/\/www.youtube.com\/watch?v=nCbLA8WszFA\u00bb admin_label=\u00bbLa Bio\u00e9tica en M\u00e9xico y el Mundo\u00bb _builder_version=\u00bb4.4.1&#8243; custom_margin=\u00bb57px|||||\u00bb custom_padding=\u00bb40px|||||\u00bb][\/et_pb_video][et_pb_text _builder_version=\u00bb4.4.1&#8243; text_text_color=\u00bb#000000&#8243; text_font_size=\u00bb22px\u00bb text_orientation=\u00bbcenter\u00bb]<\/p>\n<p style=\"text-align: center;\">La Bio\u00e9tica en M\u00e9xico y el Mundo<\/p>\n<p>[\/et_pb_text][et_pb_video src=\u00bbhttps:\/\/www.youtube.com\/watch?v=kstw1Zt3OT0&#8243; admin_label=\u00bbEutanasia y suicidio asistido\u00bb _builder_version=\u00bb4.4.1&#8243; custom_margin=\u00bb57px|||||\u00bb custom_padding=\u00bb40px|||||\u00bb][\/et_pb_video][et_pb_text _builder_version=\u00bb4.4.1&#8243; text_text_color=\u00bb#000000&#8243; text_font_size=\u00bb22px\u00bb text_orientation=\u00bbcenter\u00bb]<\/p>\n<p style=\"text-align: center;\">Eutanasia y Suicidio Asistido<\/p>\n<p>[\/et_pb_text][et_pb_video src=\u00bbhttps:\/\/www.youtube.com\/watch?v=BJMdNAsxW74&#8243; admin_label=\u00bbLa Escoleta \u00c9tica\u00bb _builder_version=\u00bb4.4.1&#8243; custom_margin=\u00bb57px|||||\u00bb custom_padding=\u00bb40px|||||\u00bb][\/et_pb_video][et_pb_text _builder_version=\u00bb4.4.1&#8243; text_text_color=\u00bb#000000&#8243; text_font_size=\u00bb22px\u00bb text_orientation=\u00bbcenter\u00bb]<\/p>\n<p style=\"text-align: center;\">La Escoleta \u00c9tica<\/p>\n<p>[\/et_pb_text][et_pb_video src=\u00bbhttps:\/\/www.youtube.com\/watch?v=QHWKHn2MpKs\u00bb admin_label=\u00bb atenci\u00f3n m\u00e9dica y la investigaci\u00f3n en los ancianos \u00bb _builder_version=\u00bb4.4.1&#8243; custom_margin=\u00bb57px|||||\u00bb custom_padding=\u00bb40px|||||\u00bb][\/et_pb_video][et_pb_text admin_label=\u00bbTexto\u00bb _builder_version=\u00bb4.4.1&#8243; text_text_color=\u00bb#000000&#8243; text_font_size=\u00bb22px\u00bb text_orientation=\u00bbcenter\u00bb]<\/p>\n<p class=\"h4\" style=\"text-align: center;\">Aspectos Bio\u00e9ticos en la Atenci\u00f3n M\u00e9dica y la Investigaci\u00f3n en los Ancianos<\/p>\n<p>[\/et_pb_text][\/et_pb_column][et_pb_column type=\u00bb1_3&#8243; _builder_version=\u00bb4.4.1&#8243;][et_pb_video src=\u00bbhttps:\/\/www.youtube.com\/watch?v=2zPT7xkSdZw\u00bb admin_label=\u00bb\u00c9tica para la Bio\u00e9tica\u00bb _builder_version=\u00bb4.4.1&#8243; custom_margin=\u00bb57px|||||\u00bb custom_padding=\u00bb40px|||||\u00bb][\/et_pb_video][et_pb_text _builder_version=\u00bb4.4.1&#8243; text_text_color=\u00bb#000000&#8243; text_font_size=\u00bb22px\u00bb text_orientation=\u00bbcenter\u00bb custom_margin=\u00bb||43px|||\u00bb]<\/p>\n<p style=\"text-align: center;\">\u00c9tica para la Bio\u00e9tica<\/p>\n<p>[\/et_pb_text][et_pb_video src=\u00bbhttps:\/\/www.youtube.com\/watch?v=YaxyoU_P0i4&#8243; admin_label=\u00bbComit\u00e9s Hospitalarios de Bio\u00e9tica\u00bb _builder_version=\u00bb4.4.1&#8243; custom_margin=\u00bb57px|||||\u00bb custom_padding=\u00bb40px|||||\u00bb][\/et_pb_video][et_pb_text _builder_version=\u00bb4.4.1&#8243; text_text_color=\u00bb#000000&#8243; text_font_size=\u00bb22px\u00bb text_orientation=\u00bbcenter\u00bb]<\/p>\n<p style=\"text-align: center;\">Comit\u00e9s Hospitalarios de Bio\u00e9tica<\/p>\n<p>[\/et_pb_text][et_pb_video src=\u00bbhttps:\/\/www.youtube.com\/watch?v=dqHx3iHH_kY\u00bb admin_label=\u00bbBio\u00e9tica, Pluralidad y Diversidad Cultural\u00bb _builder_version=\u00bb4.4.1&#8243; custom_margin=\u00bb57px|||||\u00bb custom_padding=\u00bb40px|||||\u00bb][\/et_pb_video][et_pb_text _builder_version=\u00bb4.4.1&#8243; text_text_color=\u00bb#000000&#8243; text_font_size=\u00bb22px\u00bb text_orientation=\u00bbcenter\u00bb]<\/p>\n<p style=\"text-align: center;\">Bio\u00e9tica Pluralidad y Diversidad Cultural<\/p>\n<p>[\/et_pb_text][et_pb_video src=\u00bbhttps:\/\/www.youtube.com\/watch?v=81wy9a-lyKE\u00bb admin_label=\u00bbConflictos de Inter\u00e9s\u00bb _builder_version=\u00bb4.4.1&#8243; custom_margin=\u00bb57px|||||\u00bb custom_padding=\u00bb40px|||||\u00bb][\/et_pb_video][et_pb_text admin_label=\u00bbTexto\u00bb _builder_version=\u00bb4.4.1&#8243; text_text_color=\u00bb#000000&#8243; text_font_size=\u00bb22px\u00bb text_orientation=\u00bbcenter\u00bb]<\/p>\n<p style=\"text-align: center;\">Conflictos de Inter\u00e9s<\/p>\n<p>[\/et_pb_text][et_pb_video src=\u00bbhttps:\/\/www.youtube.com\/watch?v=xhjxpSJFxHo\u00bb admin_label=\u00bbDerechos Humanos Dignidad Humana Privacidad y Confidencialidad\u00bb _builder_version=\u00bb4.4.1&#8243; custom_margin=\u00bb57px|||||\u00bb custom_padding=\u00bb40px|||||\u00bb][\/et_pb_video][et_pb_text admin_label=\u00bbTexto\u00bb _builder_version=\u00bb4.4.1&#8243; text_text_color=\u00bb#000000&#8243; text_font_size=\u00bb22px\u00bb text_orientation=\u00bbcenter\u00bb]<\/p>\n<p style=\"text-align: center;\">Derechos Humanos Dignidad Humana Privacidad y Confidencialidad<\/p>\n<p>[\/et_pb_text][\/et_pb_column][et_pb_column type=\u00bb1_3&#8243; _builder_version=\u00bb4.4.1&#8243;][et_pb_video src=\u00bbhttps:\/\/www.youtube.com\/watch?v=GZ-tpQpATq8&#8243; admin_label=\u00bbBio\u00e9tica M\u00e9dica. Presente y futuro\u00bb _builder_version=\u00bb4.4.1&#8243; custom_margin=\u00bb57px|||||\u00bb custom_padding=\u00bb40px|||||\u00bb][\/et_pb_video][et_pb_text admin_label=\u00bbTexto\u00bb _builder_version=\u00bb4.4.1&#8243; text_text_color=\u00bb#000000&#8243; text_font_size=\u00bb22px\u00bb text_orientation=\u00bbcenter\u00bb custom_margin=\u00bb||59px|||\u00bb]<\/p>\n<p style=\"text-align: center;\">Bio\u00e9tica M\u00e9dica<\/p>\n<p>[\/et_pb_text][et_pb_video src=\u00bbhttps:\/\/www.youtube.com\/watch?v=0oVDWPMc2dY\u00bb admin_label=\u00bb Comit\u00e9s de \u00c9tica de Investigaci\u00f3n \u00bb _builder_version=\u00bb4.4.1&#8243; custom_margin=\u00bb57px|||||\u00bb custom_padding=\u00bb40px|||||\u00bb][\/et_pb_video][et_pb_text _builder_version=\u00bb4.4.1&#8243; text_text_color=\u00bb#000000&#8243; text_font_size=\u00bb22px\u00bb text_orientation=\u00bbcenter\u00bb]<\/p>\n<p class=\"h4\" style=\"text-align: center;\">Comit\u00e9s de \u00c9tica de Investigaci\u00f3n<\/p>\n<p>[\/et_pb_text][et_pb_video src=\u00bbhttps:\/\/www.youtube.com\/watch?v=Wl_Mr54jqS0&#8243; admin_label=\u00bbIgualdad Equidad y Justicia\u00bb _builder_version=\u00bb4.4.1&#8243; custom_margin=\u00bb57px|||||\u00bb custom_padding=\u00bb40px|||||\u00bb][\/et_pb_video][et_pb_text admin_label=\u00bbTexto\u00bb _builder_version=\u00bb4.4.1&#8243; text_text_color=\u00bb#000000&#8243; text_font_size=\u00bb22px\u00bb text_orientation=\u00bbcenter\u00bb]<\/p>\n<p style=\"text-align: center;\">Igualdad Equidad y Justicia<\/p>\n<p>[\/et_pb_text][et_pb_video src=\u00bbhttps:\/\/www.youtube.com\/watch?v=r2Ro5P__BZ8&#8243; admin_label=\u00bbDeliberaci\u00f3n moral\u00bb _builder_version=\u00bb4.4.1&#8243; custom_margin=\u00bb57px|||||\u00bb custom_padding=\u00bb38px|||||\u00bb][\/et_pb_video][et_pb_text admin_label=\u00bbTexto\u00bb _builder_version=\u00bb4.4.1&#8243; text_text_color=\u00bb#000000&#8243; text_font_size=\u00bb22px\u00bb text_orientation=\u00bbcenter\u00bb]<\/p>\n<p style=\"text-align: center;\">Deliberaci\u00f3n Moral<\/p>\n<p>[\/et_pb_text][et_pb_video src=\u00bbhttps:\/\/www.youtube.com\/watch?v=3MSrezDo-Bw\u00bb admin_label=\u00bbAspectos Bio\u00e9ticos del Proceso de Atenci\u00f3n\u00bb _builder_version=\u00bb4.4.1&#8243; custom_margin=\u00bb57px|||||\u00bb custom_padding=\u00bb40px|||||\u00bb][\/et_pb_video][et_pb_text _builder_version=\u00bb4.4.1&#8243; text_text_color=\u00bb#000000&#8243; text_font_size=\u00bb22px\u00bb text_orientation=\u00bbcenter\u00bb]<\/p>\n<p class=\"h4\" style=\"text-align: center;\">Aspectos Bio\u00e9ticos del Proceso de Atenci\u00f3n a Personas con Problemas de Salud Mental<\/p>\n<p>[\/et_pb_text][\/et_pb_column][\/et_pb_row][\/et_pb_section]<\/p>\n","protected":false},"excerpt":{"rendered":"<p>Bio\u00e9ticaVideoteca\u00a0Introducci\u00f3n a la Bio\u00e9tica La Bio\u00e9tica en M\u00e9xico y el Mundo Eutanasia y Suicidio Asistido La Escoleta \u00c9tica Aspectos Bio\u00e9ticos en la Atenci\u00f3n M\u00e9dica y la Investigaci\u00f3n en los Ancianos \u00c9tica para la Bio\u00e9tica Comit\u00e9s Hospitalarios de Bio\u00e9tica Bio\u00e9tica Pluralidad y Diversidad Cultural Conflictos de Inter\u00e9s Derechos Humanos Dignidad Humana Privacidad y Confidencialidad Bio\u00e9tica M\u00e9dica [&hellip;]<\/p>\n","protected":false},"author":4,"featured_media":0,"parent":0,"menu_order":0,"comment_status":"closed","ping_status":"closed","template":"","meta":{"_acf_changed":false,"_et_pb_use_builder":"on","_et_pb_old_content":"","_et_gb_content_width":"","footnotes":""},"class_list":["post-439","page","type-page","status-publish","hentry"],"acf":[],"_links":{"self":[{"href":"https:\/\/www.fmposgrado.unam.mx\/index.php\/wp-json\/wp\/v2\/pages\/439","targetHints":{"allow":["GET"]}}],"collection":[{"href":"https:\/\/www.fmposgrado.unam.mx\/index.php\/wp-json\/wp\/v2\/pages"}],"about":[{"href":"https:\/\/www.fmposgrado.unam.mx\/index.php\/wp-json\/wp\/v2\/types\/page"}],"author":[{"embeddable":true,"href":"https:\/\/www.fmposgrado.unam.mx\/index.php\/wp-json\/wp\/v2\/users\/4"}],"replies":[{"embeddable":true,"href":"https:\/\/www.fmposgrado.unam.mx\/index.php\/wp-json\/wp\/v2\/comments?post=439"}],"version-history":[{"count":6,"href":"https:\/\/www.fmposgrado.unam.mx\/index.php\/wp-json\/wp\/v2\/pages\/439\/revisions"}],"predecessor-version":[{"id":4576,"href":"https:\/\/www.fmposgrado.unam.mx\/index.php\/wp-json\/wp\/v2\/pages\/439\/revisions\/4576"}],"wp:attachment":[{"href":"https:\/\/www.fmposgrado.unam.mx\/index.php\/wp-json\/wp\/v2\/media?parent=439"}],"curies":[{"name":"wp","href":"https:\/\/api.w.org\/{rel}","templated":true}]}}