{"id":5125,"date":"2021-06-23T18:14:34","date_gmt":"2021-06-23T18:14:34","guid":{"rendered":"https:\/\/www.fmposgrado.unam.mx\/?page_id=5125"},"modified":"2023-06-06T11:16:34","modified_gmt":"2023-06-06T16:16:34","slug":"af-28-3","status":"publish","type":"page","link":"https:\/\/www.fmposgrado.unam.mx\/index.php\/af-28-3","title":{"rendered":"AF 28 3"},"content":{"rendered":"<p>[et_pb_section fb_built=\u00bb1&#8243; _builder_version=\u00bb4.9.2&#8243; _module_preset=\u00bbdefault\u00bb global_colors_info=\u00bb{}\u00bb][et_pb_row column_structure=\u00bb1_2,1_2&#8243; _builder_version=\u00bb4.9.2&#8243; _module_preset=\u00bbdefault\u00bb global_colors_info=\u00bb{}\u00bb][et_pb_column type=\u00bb1_2&#8243; _builder_version=\u00bb4.9.2&#8243; _module_preset=\u00bbdefault\u00bb global_colors_info=\u00bb{}\u00bb][et_pb_image src=\u00bbhttps:\/\/www.fmposgrado.unam.mx\/wp-content\/uploads\/portada-100-1-scaled.jpg\u00bb title_text=\u00bbportada 100&#8243; _builder_version=\u00bb4.9.2&#8243; _module_preset=\u00bbdefault\u00bb box_shadow_style=\u00bbpreset1&#8243; global_colors_info=\u00bb{}\u00bb][\/et_pb_image][\/et_pb_column][et_pb_column type=\u00bb1_2&#8243; _builder_version=\u00bb4.9.2&#8243; _module_preset=\u00bbdefault\u00bb global_colors_info=\u00bb{}\u00bb][et_pb_text _builder_version=\u00bb4.9.2&#8243; _module_preset=\u00bbdefault\u00bb link_option_url=\u00bbhttps:\/\/www.fmposgrado.unam.mx\/wp-content\/uploads\/AF-28-3.pdf\u00bb link_option_url_new_window=\u00bbon\u00bb global_colors_info=\u00bb{}\u00bb]<\/p>\n<p><strong>Aten. Fam. Volumen 28 no. 3 julio-sptiembre, 2021<\/strong><\/p>\n<p>(PDF completo)<\/p>\n<p>[\/et_pb_text][et_pb_text _builder_version=\u00bb4.9.2&#8243; _module_preset=\u00bbdefault\u00bb link_option_url=\u00bbhttps:\/\/www.fmposgrado.unam.mx\/wp-content\/uploads\/EDITO-3.pdf\u00bb link_option_url_new_window=\u00bbon\u00bb global_colors_info=\u00bb{}\u00bb]<\/p>\n<p><strong>Editorial<\/strong><\/p>\n<p>Pandemia, respuesta inmune y bienestar social<\/p>\n<p>[\/et_pb_text][et_pb_text _builder_version=\u00bb4.9.2&#8243; _module_preset=\u00bbdefault\u00bb link_option_url=\u00bbhttps:\/\/www.fmposgrado.unam.mx\/wp-content\/uploads\/OA-stage-of-grief-and-therapeutic.pdf\u00bb link_option_url_new_window=\u00bbon\u00bb global_colors_info=\u00bb{}\u00bb]<\/p>\n<p><strong>Original Article<\/strong><\/p>\n<p>Stages of Grief and Therapeutic Adherence in People with Type 2 Diabetes Mellitus<\/p>\n<p>[\/et_pb_text][et_pb_text _builder_version=\u00bb4.9.2&#8243; _module_preset=\u00bbdefault\u00bb link_option_url=\u00bbhttps:\/\/www.fmposgrado.unam.mx\/wp-content\/uploads\/AO-etapas-de-duelo-y-adherencia.pdf\u00bb link_option_url_new_window=\u00bbon\u00bb global_colors_info=\u00bb{}\u00bb]<\/p>\n<p><strong>Art\u00edculo original<\/strong><\/p>\n<p>Etapas de duelo y adherencia terap\u00e9utica en personas con diabetes mellitus tipo 2<\/p>\n<p>[\/et_pb_text][et_pb_text _builder_version=\u00bb4.9.2&#8243; _module_preset=\u00bbdefault\u00bb link_option_url=\u00bbhttps:\/\/www.fmposgrado.unam.mx\/wp-content\/uploads\/OA-relationship-between-family-functioning.pdf\u00bb link_option_url_new_window=\u00bbon\u00bb global_colors_info=\u00bb{}\u00bb]<\/p>\n<p><strong>Original Article<\/strong><\/p>\n<p>Relationship Between Family Functioning and Degree of Diabetic Foot Injury<span class=\"Apple-converted-space\">\u00a0<\/span>in Patients with Type 2 Diabetes Mellitus<\/p>\n<p>[\/et_pb_text][et_pb_text _builder_version=\u00bb4.9.2&#8243; _module_preset=\u00bbdefault\u00bb link_option_url=\u00bbhttps:\/\/www.fmposgrado.unam.mx\/wp-content\/uploads\/AO-relacion-entre-funcionamiento-familiar.pdf\u00bb link_option_url_new_window=\u00bbon\u00bb global_colors_info=\u00bb{}\u00bb]<\/p>\n<p><strong>Art\u00edculo Original<\/strong><\/p>\n<p>Relaci\u00f3n entre funcionamiento familiar y grado de lesi\u00f3n de pie<span class=\"Apple-converted-space\">\u00a0<\/span>en pacientes con diabetes mellitus tipo 2<\/p>\n<p>[\/et_pb_text][et_pb_text _builder_version=\u00bb4.9.2&#8243; _module_preset=\u00bbdefault\u00bb link_option_url=\u00bbhttps:\/\/www.fmposgrado.unam.mx\/wp-content\/uploads\/AO-asociacion-entre-la-ingesta.pdf\u00bb link_option_url_new_window=\u00bbon\u00bb global_colors_info=\u00bb{}\u00bb]<\/p>\n<p><strong>Art\u00edculo Original<\/strong><\/p>\n<p>Asociaci\u00f3n entre la ingesta de folatos y vitamina C<span class=\"Apple-converted-space\">\u00a0<\/span>con la neoplasia intraepitelial escamosa cervical<\/p>\n<p>[\/et_pb_text][et_pb_text _builder_version=\u00bb4.9.2&#8243; _module_preset=\u00bbdefault\u00bb link_option_url=\u00bbhttps:\/\/www.fmposgrado.unam.mx\/wp-content\/uploads\/AO-grado-de-conocimiento.pdf\u00bb link_option_url_new_window=\u00bbon\u00bb global_colors_info=\u00bb{}\u00bb]<\/p>\n<p><strong>Art\u00edculo original<\/strong><\/p>\n<p>Grado de conocimiento sobre su enfermedad,<span class=\"Apple-converted-space\">\u00a0<\/span>de pacientes con diabetes mellitus tipo 2<span class=\"Apple-converted-space\">\u00a0<\/span><\/p>\n<p>[\/et_pb_text][et_pb_text _builder_version=\u00bb4.9.2&#8243; _module_preset=\u00bbdefault\u00bb link_option_url=\u00bbhttps:\/\/www.fmposgrado.unam.mx\/wp-content\/uploads\/AO-sarcopenia-y-factores-asociados.pdf\u00bb link_option_url_new_window=\u00bbon\u00bb global_colors_info=\u00bb{}\u00bb]<\/p>\n<p><strong>Art\u00edculo original<\/strong><\/p>\n<p><span>Sarcopenia y f<\/span><span>ac<\/span><span>t<\/span><span>o<\/span><span>r<\/span>es<span> <\/span><span>a<\/span>s<span>o<\/span><span>c<\/span><span>i<\/span><span>ad<\/span><span>o<\/span>s<span> <\/span>en <span>lo<\/span>s<span> <\/span><span>adu<\/span><span>l<\/span><span>t<\/span><span>o<\/span>s<span> <\/span>m<span>a<\/span>y<span>o<\/span><span>r<\/span>es<span class=\"Apple-converted-space\">\u00a0<\/span>de una unidad de medicina familiar en Yucat\u00e1n, M\u00e9xico<\/p>\n<p>[\/et_pb_text][et_pb_text _builder_version=\u00bb4.9.2&#8243; _module_preset=\u00bbdefault\u00bb link_option_url=\u00bbhttps:\/\/www.fmposgrado.unam.mx\/wp-content\/uploads\/OA-sexual-activity-in-the-elderly.pdf\u00bb link_option_url_new_window=\u00bbon\u00bb global_colors_info=\u00bb{}\u00bb]<\/p>\n<p><strong>Original Article<\/strong><\/p>\n<p>Sexual Activity in the Elderly as a Factor that can Impact Quality of Life<\/p>\n<p>[\/et_pb_text][et_pb_text _builder_version=\u00bb4.9.2&#8243; _module_preset=\u00bbdefault\u00bb link_option_url=\u00bbhttps:\/\/www.fmposgrado.unam.mx\/wp-content\/uploads\/AO-actividad-sexual-en-el-adulto.pdf\u00bb link_option_url_new_window=\u00bbon\u00bb global_colors_info=\u00bb{}\u00bb]<\/p>\n<p><strong>Art\u00edculo original<\/strong><\/p>\n<p>Actividad sexual en el adulto mayor como factor que puede impactar<span class=\"Apple-converted-space\">\u00a0<\/span>en la calidad de vida<\/p>\n<p>[\/et_pb_text][et_pb_text _builder_version=\u00bb4.9.2&#8243; _module_preset=\u00bbdefault\u00bb link_option_url=\u00bbhttps:\/\/www.fmposgrado.unam.mx\/wp-content\/uploads\/AO-evaluacion-de-una-estrategia.pdf\u00bb link_option_url_new_window=\u00bbon\u00bb global_colors_info=\u00bb{}\u00bb]<\/p>\n<p><strong>Art\u00edculo original<\/strong><\/p>\n<p>Evaluaci\u00f3n de una estrategia educativa en adultos con sobrepeso<span class=\"Apple-converted-space\">\u00a0<\/span>y obesidad adscritos a una unidad de medicina familiar<\/p>\n<p>[\/et_pb_text][et_pb_text _builder_version=\u00bb4.9.2&#8243; _module_preset=\u00bbdefault\u00bb link_option_url=\u00bbhttps:\/\/www.fmposgrado.unam.mx\/wp-content\/uploads\/CC-obesidad-en-pacientes.pdf\u00bb link_option_url_new_window=\u00bbon\u00bb global_colors_info=\u00bb{}\u00bb]<\/p>\n<p><strong>Comunicaci\u00f3n corta<\/strong><\/p>\n<p>Obesidad en pacientes con covid-19 en una unidad de medicina familiar<\/p>\n<p>[\/et_pb_text][et_pb_text _builder_version=\u00bb4.9.2&#8243; _module_preset=\u00bbdefault\u00bb link_option_url=\u00bbhttps:\/\/www.fmposgrado.unam.mx\/wp-content\/uploads\/RC-colitis-eosinofilica.pdf\u00bb link_option_url_new_window=\u00bbon\u00bb global_colors_info=\u00bb{}\u00bb]<\/p>\n<p><strong>Reporte de caso<\/strong><\/p>\n<p>Colitis eosinof\u00edlica en atenci\u00f3n primaria: a prop\u00f3sito de un caso de diarrea cr\u00f3nica<\/p>\n<p>[\/et_pb_text][et_pb_text _builder_version=\u00bb4.9.2&#8243; _module_preset=\u00bbdefault\u00bb link_option_url=\u00bbhttps:\/\/www.fmposgrado.unam.mx\/wp-content\/uploads\/ENSAYO-notas-cerca-de-los-moribundos.pdf\u00bb link_option_url_new_window=\u00bbon\u00bb global_colors_info=\u00bb{}\u00bb]<\/p>\n<p><strong>Ensayo<\/strong><\/p>\n<p>Notas cerca de los moribundos<\/p>\n<p>[\/et_pb_text][et_pb_text _builder_version=\u00bb4.9.2&#8243; _module_preset=\u00bbdefault\u00bb link_option_url=\u00bbhttps:\/\/www.fmposgrado.unam.mx\/wp-content\/uploads\/IDENTIFIQUE-3.pdf\u00bb link_option_url_new_window=\u00bbon\u00bb global_colors_info=\u00bb{}\u00bb]<\/p>\n<p><strong>Identifique el caso<\/strong><\/p>\n<p>Femenino con fenotipo marfanoide<\/p>\n<p>[\/et_pb_text][et_pb_text _builder_version=\u00bb4.9.2&#8243; _module_preset=\u00bbdefault\u00bb link_option_url=\u00bbhttps:\/\/www.fmposgrado.unam.mx\/wp-content\/uploads\/CA-covid-19-una-enfermedad-emergente.pdf\u00bb link_option_url_new_window=\u00bbon\u00bb global_colors_info=\u00bb{}\u00bb]<\/p>\n<p><strong>Carta al editor<\/strong><\/p>\n<p>covid-19, una enfermedad emergente<span class=\"Apple-converted-space\">\u00a0<\/span>en el contexto de la atenci\u00f3n cuaternaria<\/p>\n<p>[\/et_pb_text][et_pb_text _builder_version=\u00bb4.9.2&#8243; _module_preset=\u00bbdefault\u00bb link_option_url=\u00bbhttps:\/\/www.fmposgrado.unam.mx\/wp-content\/uploads\/INSTRUCCIONES-2.pdf\u00bb link_option_url_new_window=\u00bbon\u00bb global_colors_info=\u00bb{}\u00bb]<\/p>\n<p><strong>Instrucciones para los autores<\/strong><\/p>\n<p>[\/et_pb_text][\/et_pb_column][\/et_pb_row][\/et_pb_section]<\/p>\n","protected":false},"excerpt":{"rendered":"<p>Aten. Fam. Volumen 28 no. 3 julio-sptiembre, 2021 (PDF completo)Editorial Pandemia, respuesta inmune y bienestar socialOriginal Article Stages of Grief and Therapeutic Adherence in People with Type 2 Diabetes MellitusArt\u00edculo original Etapas de duelo y adherencia terap\u00e9utica en personas con diabetes mellitus tipo 2Original Article Relationship Between Family Functioning and Degree of Diabetic Foot Injury\u00a0in [&hellip;]<\/p>\n","protected":false},"author":9,"featured_media":0,"parent":0,"menu_order":0,"comment_status":"closed","ping_status":"closed","template":"","meta":{"_acf_changed":false,"_et_pb_use_builder":"on","_et_pb_old_content":"","_et_gb_content_width":"","footnotes":""},"class_list":["post-5125","page","type-page","status-publish","hentry"],"acf":[],"_links":{"self":[{"href":"https:\/\/www.fmposgrado.unam.mx\/index.php\/wp-json\/wp\/v2\/pages\/5125","targetHints":{"allow":["GET"]}}],"collection":[{"href":"https:\/\/www.fmposgrado.unam.mx\/index.php\/wp-json\/wp\/v2\/pages"}],"about":[{"href":"https:\/\/www.fmposgrado.unam.mx\/index.php\/wp-json\/wp\/v2\/types\/page"}],"author":[{"embeddable":true,"href":"https:\/\/www.fmposgrado.unam.mx\/index.php\/wp-json\/wp\/v2\/users\/9"}],"replies":[{"embeddable":true,"href":"https:\/\/www.fmposgrado.unam.mx\/index.php\/wp-json\/wp\/v2\/comments?post=5125"}],"version-history":[{"count":21,"href":"https:\/\/www.fmposgrado.unam.mx\/index.php\/wp-json\/wp\/v2\/pages\/5125\/revisions"}],"predecessor-version":[{"id":5867,"href":"https:\/\/www.fmposgrado.unam.mx\/index.php\/wp-json\/wp\/v2\/pages\/5125\/revisions\/5867"}],"wp:attachment":[{"href":"https:\/\/www.fmposgrado.unam.mx\/index.php\/wp-json\/wp\/v2\/media?parent=5125"}],"curies":[{"name":"wp","href":"https:\/\/api.w.org\/{rel}","templated":true}]}}