{"id":7106,"date":"2022-03-03T17:24:58","date_gmt":"2022-03-03T17:24:58","guid":{"rendered":"https:\/\/www.fmposgrado.unam.mx\/?page_id=7106"},"modified":"2026-02-17T14:28:55","modified_gmt":"2026-02-17T20:28:55","slug":"puem-grafico-presentacion","status":"publish","type":"page","link":"https:\/\/www.fmposgrado.unam.mx\/index.php\/puem-grafico-presentacion","title":{"rendered":"puem grafico presentacion"},"content":{"rendered":"<p>[et_pb_section fb_built=\u00bb1&#8243; _builder_version=\u00bb4.16&#8243; use_background_color_gradient=\u00bbon\u00bb background_image=\u00bbhttps:\/\/www.fmposgrado.unam.mx\/wp-content\/uploads\/2020\/05\/DSC08403-scaled.jpg\u00bb custom_padding=\u00bb4px||4px|||\u00bb box_shadow_style=\u00bbpreset3&#8243; locked=\u00bboff\u00bb collapsed=\u00bboff\u00bb global_colors_info=\u00bb{}\u00bb][et_pb_row use_custom_gutter=\u00bbon\u00bb gutter_width=\u00bb1&#8243; make_equal=\u00bbon\u00bb admin_label=\u00bbrow\u00bb _builder_version=\u00bb4.16&#8243; use_background_color_gradient=\u00bbon\u00bb background_color_gradient_stops=\u00bbrgba(34,178,181,0.54) 0%|rgba(15,28,89,0.57) 100%\u00bb background_color_gradient_start=\u00bbrgba(34,178,181,0.54)\u00bb background_color_gradient_end=\u00bbrgba(15,28,89,0.57)\u00bb background_image=\u00bbhttps:\/\/www.fmposgrado.unam.mx\/wp-content\/uploads\/2020\/05\/Sin-ti\u0301tulo-2.png\u00bb parallax=\u00bbon\u00bb width=\u00bb100%\u00bb max_width=\u00bb2468px\u00bb custom_margin=\u00bb-11px|auto|-5px|auto||\u00bb custom_padding=\u00bb50px||90px||false|false\u00bb collapsed=\u00bboff\u00bb global_colors_info=\u00bb{}\u00bb][et_pb_column type=\u00bb4_4&#8243; _builder_version=\u00bb4.16&#8243; custom_padding=\u00bb|||\u00bb global_colors_info=\u00bb{}\u00bb custom_padding__hover=\u00bb|||\u00bb][et_pb_text _builder_version=\u00bb4.16&#8243; text_font_size=\u00bb1px\u00bb header_font=\u00bb|600|||||||\u00bb header_text_color=\u00bb#ffffff\u00bb header_font_size=\u00bb41px\u00bb text_orientation=\u00bbcenter\u00bb custom_margin=\u00bb19px|||||\u00bb custom_padding=\u00bb2px|||||\u00bb global_colors_info=\u00bb{}\u00bb]<\/p>\n<h1>PUEM<\/h1>\n<p>[\/et_pb_text][et_pb_text _builder_version=\u00bb4.16&#8243; text_font=\u00bb|300||on|||||\u00bb text_text_color=\u00bb#efab00&#8243; text_font_size=\u00bb22px\u00bb header_font=\u00bb|600|||||||\u00bb header_text_color=\u00bb#ffffff\u00bb header_font_size=\u00bb41px\u00bb text_orientation=\u00bbcenter\u00bb custom_margin=\u00bb19px|||||\u00bb custom_padding=\u00bb2px|||||\u00bb global_colors_info=\u00bb{}\u00bb]<\/p>\n<p>Presentaci\u00f3n<\/p>\n<p>[\/et_pb_text][\/et_pb_column][\/et_pb_row][\/et_pb_section][et_pb_section fb_built=\u00bb1&#8243; fullwidth=\u00bbon\u00bb _builder_version=\u00bb4.16&#8243; _module_preset=\u00bbdefault\u00bb global_colors_info=\u00bb{}\u00bb][et_pb_fullwidth_menu menu_id=\u00bb39&#8243; menu_style=\u00bbcentered\u00bb _builder_version=\u00bb4.16&#8243; _module_preset=\u00bbdefault\u00bb menu_font=\u00bb||||||||\u00bb menu_text_color=\u00bb#FFFFFF\u00bb background_color=\u00bb#4585c1&#8243; global_colors_info=\u00bb{}\u00bb][\/et_pb_fullwidth_menu][\/et_pb_section][et_pb_section fb_built=\u00bb1&#8243; fullwidth=\u00bbon\u00bb _builder_version=\u00bb4.16&#8243; _module_preset=\u00bbdefault\u00bb background_color=\u00bb#81a7c1&#8243; global_colors_info=\u00bb{}\u00bb][et_pb_fullwidth_menu menu_id=\u00bb40&#8243; menu_style=\u00bbcentered\u00bb active_link_color=\u00bb#1D0462&#8243; _builder_version=\u00bb4.16&#8243; _module_preset=\u00bbdefault\u00bb menu_font=\u00bb||||||||\u00bb menu_text_color=\u00bb#0C71C3&#8243; background_color=\u00bb#b2bfc1&#8243; global_colors_info=\u00bb{}\u00bb][\/et_pb_fullwidth_menu][\/et_pb_section][et_pb_section fb_built=\u00bb1&#8243; _builder_version=\u00bb4.16&#8243; _module_preset=\u00bbdefault\u00bb global_colors_info=\u00bb{}\u00bb][et_pb_row column_structure=\u00bb3_5,2_5&#8243; _builder_version=\u00bb4.16&#8243; _module_preset=\u00bbdefault\u00bb global_colors_info=\u00bb{}\u00bb][et_pb_column type=\u00bb3_5&#8243; _builder_version=\u00bb4.16&#8243; _module_preset=\u00bbdefault\u00bb global_colors_info=\u00bb{}\u00bb][et_pb_text _builder_version=\u00bb4.27.5&#8243; _module_preset=\u00bbdefault\u00bb hover_enabled=\u00bb0&#8243; global_colors_info=\u00bb{}\u00bb sticky_enabled=\u00bb0&#8243;]<\/p>\n<p style=\"text-align: justify;\">En 1994, la Facultad de Medicina de la Universidad Nacional Aut\u00f3noma de M\u00e9xico instituye el Plan \u00danico de Especializaciones M\u00e9dicas. Fue producto de un amplio esfuerzo de concertaci\u00f3n con las instituciones de salud, de educaci\u00f3n superior y la comunidad de m\u00e9dicos especialistas, a trav\u00e9s de sus Consejos de Certificaci\u00f3n, coordinados entonces por la Academia Nacional de Medicina. El Plan fue precedido por una evaluaci\u00f3n del estado de la ense\u00f1anza de las especialidades m\u00e9dicas, realizado entre 1992 y 1993.<\/p>\n<p style=\"text-align: justify;\">Entre la UNAM, la Secretar\u00eda de Salud, el Instituto Mexicano del Seguro Social, el Instituto de Seguridad y Servicios Sociales de los Trabajadores del Estado y la Academia Nacional de Medicina, se hizo un an\u00e1lisis de la medicina especializada en el pa\u00eds, mediante una encuesta nacional sobre la situaci\u00f3n de las sedes, los programas, los maestros(as) y los alumnos(as) del posgrado de especialidades m\u00e9dicas. El grupo t\u00e9cnico encargado del proyecto, se integr\u00f3 en la Divisi\u00f3n de Estudios de Posgrado e Investigaci\u00f3n (DEPI), de la Facultad de Medicina. Se cont\u00f3 con la participaci\u00f3n de las instituciones universitarias y de salud del pa\u00eds, a trav\u00e9s de la Comisi\u00f3n Interinstitucional para la Formaci\u00f3n de Recursos Humanos para la Salud, cuyo Comit\u00e9 de Posgrado tuvo una activa participaci\u00f3n en la estructuraci\u00f3n de la encuesta, misma que fue distribuida en las instituciones m\u00e9dicas de tercer nivel de todas las entidades federativas.<\/p>\n<p style=\"text-align: justify;\">Los resultados de la encuesta fueron validados por los titulares de ense\u00f1anza del sector salud y analizados por cuarenta comit\u00e9s nacionales, para sendas especialidades m\u00e9dicas, conformados por los m\u00e1s distinguidos expertos en cada campo. Se realizaron dos reuniones nacionales en las que se formularon recomendaciones para reestructurar la ense\u00f1anza de cada especialidad.<\/p>\n<p style=\"text-align: justify;\">La UNAM asumi\u00f3 el compromiso de convertir las recomendaciones en un nuevo Plan de Ense\u00f1anza que, al cancelar todos los anteriores, devino en el actual Plan \u00danico de Especializaciones M\u00e9dicas (PUEM), implantado en 1994, a la vez que tambi\u00e9n entraba en vigor el nuevo Plan \u00danico de Estudios de la Facultad de Medicina y se promulgaba, por parte de la Secretar\u00eda de Salud, la nueva Norma Oficial Mexicana para la Operaci\u00f3n de las Residencias M\u00e9dicas Hospitalarias.<\/p>\n<p style=\"text-align: justify;\">En el PUEM se establecen las caracter\u00edsticas aceptables para las sedes hospitalarias de posgrado m\u00e9dico, los requisitos de ingreso y egreso de los alumnos(as), el perfil curricular de los profesores(as) y la estructura program\u00e1tica de los cursos. En 1994, el PUEM se inici\u00f3 con 44 cursos, que se han incrementado a 79, son impartidos en 178 sedes, por 1724 profesores(as) y tienen una matr\u00edcula de 14,818 alumnos(as). Todos los estudiantes de los cursos del PUEM son m\u00e9dicos(as) residentes de tiempo completo y los profesores(as) laboran tambi\u00e9n con dedicaci\u00f3n completa en las instituciones de salud sedes de los cursos. El programa de cada curso es propuesto, y su aplicaci\u00f3n supervisada por un Comit\u00e9 Acad\u00e9mico formado por profesores(as) del m\u00e1s alto rango en la especialidad. Con ello, desde su instauraci\u00f3n, el PUEM ha sido objeto de ajustes y actualizaciones, a propuesta de los Comit\u00e9s.<\/p>\n<p style=\"text-align: justify;\">Adem\u00e1s, en noviembre de 1997, se promovi\u00f3, a trav\u00e9s de la Comisi\u00f3n Interinstitucional para la Formaci\u00f3n de los Recursos Humanos para la Salud, una nueva reuni\u00f3n nacional, para valorar los logros del PUEM y promover su adopci\u00f3n en las diversas universidades del pa\u00eds. Las propuestas para introducir modificaciones a los programas de los cursos, fueron recogidas por la UNAM e introducidas en el transcurso de 1998. Al cabo de cinco a\u00f1os de experiencia, en agosto de 1998, el Consejo Acad\u00e9mico del \u00c1rea de Ciencias Biol\u00f3gicas y de la Salud, acept\u00f3 la propuesta de la Divisi\u00f3n de Estudios de Posgrado e Investigaci\u00f3n, para mantener constante durante cinco a\u00f1os el n\u00famero de cursos y la estructura fundamental del PUEM y aprovechar este lapso para realizar una amplia evaluaci\u00f3n de sus logros.<\/p>\n<p>[\/et_pb_text][\/et_pb_column][et_pb_column type=\u00bb2_5&#8243; _builder_version=\u00bb4.16&#8243; _module_preset=\u00bbdefault\u00bb global_colors_info=\u00bb{}\u00bb][et_pb_button button_url=\u00bbhttp:\/\/www.sidep.fmposgrado.unam.mx\/fmposgrado\/Cursos.jsp?medicallevel=ESPECIALIDADES\u00bb url_new_window=\u00bbon\u00bb button_text=\u00bbPlanes \u00fanicos de especializaciones\u00bb button_alignment=\u00bbleft\u00bb _builder_version=\u00bb4.24.1&#8243; _module_preset=\u00bbdefault\u00bb custom_button=\u00bbon\u00bb button_text_size=\u00bb15px\u00bb button_text_color=\u00bb#FFFFFF\u00bb button_bg_color=\u00bb#0C71C3&#8243; button_border_radius=\u00bb3px\u00bb box_shadow_style=\u00bbpreset1&#8243; global_colors_info=\u00bb{}\u00bb][\/et_pb_button][\/et_pb_column][\/et_pb_row][\/et_pb_section]<\/p>\n","protected":false},"excerpt":{"rendered":"<p>PUEMPresentaci\u00f3nEn 1994, la Facultad de Medicina de la Universidad Nacional Aut\u00f3noma de M\u00e9xico instituye el Plan \u00danico de Especializaciones M\u00e9dicas. Fue producto de un amplio esfuerzo de concertaci\u00f3n con las instituciones de salud, de educaci\u00f3n superior y la comunidad de m\u00e9dicos especialistas, a trav\u00e9s de sus Consejos de Certificaci\u00f3n, coordinados entonces por la Academia Nacional [&hellip;]<\/p>\n","protected":false},"author":9,"featured_media":0,"parent":0,"menu_order":0,"comment_status":"closed","ping_status":"closed","template":"","meta":{"_acf_changed":false,"_et_pb_use_builder":"on","_et_pb_old_content":"","_et_gb_content_width":"","footnotes":""},"class_list":["post-7106","page","type-page","status-publish","hentry"],"acf":[],"_links":{"self":[{"href":"https:\/\/www.fmposgrado.unam.mx\/index.php\/wp-json\/wp\/v2\/pages\/7106","targetHints":{"allow":["GET"]}}],"collection":[{"href":"https:\/\/www.fmposgrado.unam.mx\/index.php\/wp-json\/wp\/v2\/pages"}],"about":[{"href":"https:\/\/www.fmposgrado.unam.mx\/index.php\/wp-json\/wp\/v2\/types\/page"}],"author":[{"embeddable":true,"href":"https:\/\/www.fmposgrado.unam.mx\/index.php\/wp-json\/wp\/v2\/users\/9"}],"replies":[{"embeddable":true,"href":"https:\/\/www.fmposgrado.unam.mx\/index.php\/wp-json\/wp\/v2\/comments?post=7106"}],"version-history":[{"count":34,"href":"https:\/\/www.fmposgrado.unam.mx\/index.php\/wp-json\/wp\/v2\/pages\/7106\/revisions"}],"predecessor-version":[{"id":19889,"href":"https:\/\/www.fmposgrado.unam.mx\/index.php\/wp-json\/wp\/v2\/pages\/7106\/revisions\/19889"}],"wp:attachment":[{"href":"https:\/\/www.fmposgrado.unam.mx\/index.php\/wp-json\/wp\/v2\/media?parent=7106"}],"curies":[{"name":"wp","href":"https:\/\/api.w.org\/{rel}","templated":true}]}}