{"id":930,"date":"2020-06-30T18:49:10","date_gmt":"2020-06-30T18:49:10","guid":{"rendered":"https:\/\/132.247.127.129\/?page_id=930"},"modified":"2023-06-06T11:16:38","modified_gmt":"2023-06-06T16:16:38","slug":"puem","status":"publish","type":"page","link":"https:\/\/www.fmposgrado.unam.mx\/index.php\/puem","title":{"rendered":"PUEM"},"content":{"rendered":"<p>[et_pb_section fb_built=\u00bb1&#8243; _builder_version=\u00bb4.4.3&#8243; use_background_color_gradient=\u00bbon\u00bb background_enable_image=\u00bboff\u00bb parallax=\u00bbon\u00bb custom_padding=\u00bb4px||4px|||\u00bb box_shadow_style=\u00bbpreset3&#8243;][et_pb_row use_custom_gutter=\u00bbon\u00bb gutter_width=\u00bb1&#8243; make_equal=\u00bbon\u00bb admin_label=\u00bbrow\u00bb _builder_version=\u00bb4.4.3&#8243; use_background_color_gradient=\u00bbon\u00bb background_color_gradient_start=\u00bbrgba(15,28,89,0.57)\u00bb background_color_gradient_end=\u00bbrgba(34,178,181,0.54)\u00bb background_image=\u00bbhttps:\/\/www.fmposgrado.unam.mx\/wp-content\/uploads\/2020\/05\/Sin-ti\u0301tulo-2.png\u00bb parallax=\u00bbon\u00bb width=\u00bb100%\u00bb max_width=\u00bb2468px\u00bb custom_margin=\u00bb-11px|auto|-5px|auto||\u00bb custom_padding=\u00bb64px||71px|||\u00bb][et_pb_column type=\u00bb4_4&#8243; _builder_version=\u00bb3.25&#8243; custom_padding=\u00bb|||\u00bb custom_padding__hover=\u00bb|||\u00bb][et_pb_text _builder_version=\u00bb4.4.3&#8243; text_font_size=\u00bb1px\u00bb header_font=\u00bb|600|||||||\u00bb header_text_color=\u00bb#ffffff\u00bb header_font_size=\u00bb41px\u00bb text_orientation=\u00bbcenter\u00bb custom_margin=\u00bb19px|||||\u00bb custom_padding=\u00bb2px|||||\u00bb]<\/p>\n<h1>BIEVENIDOS AL PUEM<\/h1>\n<p>[\/et_pb_text][et_pb_text _builder_version=\u00bb4.4.3&#8243; text_font=\u00bb|300||on|||||\u00bb text_text_color=\u00bb#efab00&#8243; text_font_size=\u00bb22px\u00bb header_font=\u00bb|600|||||||\u00bb header_text_color=\u00bb#ffffff\u00bb header_font_size=\u00bb41px\u00bb text_orientation=\u00bbcenter\u00bb custom_margin=\u00bb19px|||||\u00bb custom_padding=\u00bb2px|||||\u00bb]<\/p>\n<p>VIDEOTECA<\/p>\n<p>[\/et_pb_text][\/et_pb_column][\/et_pb_row][\/et_pb_section][et_pb_section fb_built=\u00bb1&#8243; _builder_version=\u00bb4.4.3&#8243; background_enable_color=\u00bboff\u00bb background_image=\u00bbhttps:\/\/www.fmposgrado.unam.mx\/wp-content\/uploads\/2020\/07\/background-1747784_1280.jpg\u00bb background_enable_video_mp4=\u00bboff\u00bb custom_padding=\u00bb||0px|||\u00bb top_divider_style=\u00bbslant2&#8243; top_divider_color=\u00bb#88c4dd\u00bb top_divider_height=\u00bb218px\u00bb top_divider_flip=\u00bbvertical|horizontal\u00bb bottom_divider_style=\u00bbslant2&#8243; bottom_divider_color=\u00bb#88c4dd\u00bb bottom_divider_height=\u00bb149px\u00bb bottom_divider_flip=\u00bbhorizontal\u00bb][et_pb_row column_structure=\u00bb1_3,1_3,1_3&#8243; _builder_version=\u00bb4.4.3&#8243; custom_padding=\u00bb||62px|||\u00bb][et_pb_column type=\u00bb1_3&#8243; _builder_version=\u00bb4.4.1&#8243;][et_pb_code admin_label=\u00bbDr. Germ\u00e1n Fajardo Dolci\u00bb _builder_version=\u00bb4.4.1&#8243;]<iframe loading=\"lazy\" width=\"560\" height=\"315\" src=\"https:\/\/www.youtube.com\/embed\/dOMJvZFnD1I\" frameborder=\"0\" allow=\"accelerometer; autoplay; encrypted-media; gyroscope; picture-in-picture\" allowfullscreen><\/iframe>[\/et_pb_code][et_pb_text admin_label=\u00bbT\u00edtuloDr. Germ\u00e1n Fajardo Dolci\u00bb _builder_version=\u00bb4.4.3&#8243; text_text_color=\u00bb#1a0052&#8243; text_font_size=\u00bb21px\u00bb]<\/p>\n<p style=\"text-align: center;\">Dr. Germ\u00e1n Fajardo Dolci<\/p>\n<p>[\/et_pb_text][et_pb_code admin_label=\u00bbDr. Rogelio Chavolla Maga\u00f1a\u00bb _builder_version=\u00bb4.4.1&#8243;]<iframe loading=\"lazy\" width=\"560\" height=\"315\" src=\"https:\/\/www.youtube.com\/embed\/hL4AeJslmE0\" frameborder=\"0\" allow=\"accelerometer; autoplay; encrypted-media; gyroscope; picture-in-picture\" allowfullscreen><\/iframe><!-- [et_pb_line_break_holder] --><!-- [et_pb_line_break_holder] -->[\/et_pb_code][et_pb_text admin_label=\u00bbT\u00edtulo Dr. Rogelio Chavolla Maga\u00f1a\u00bb _builder_version=\u00bb4.6.6&#8243; text_text_color=\u00bb#1a0052&#8243; text_font_size=\u00bb21px\u00bb hover_enabled=\u00bb0&#8243; sticky_enabled=\u00bb0&#8243;]<\/p>\n<p style=\"text-align: center;\">Dr. Rogelio Chavolla Maga\u00f1a<\/p>\n<p>[\/et_pb_text][\/et_pb_column][et_pb_column type=\u00bb1_3&#8243; _builder_version=\u00bb4.4.1&#8243;][et_pb_code admin_label=\u00bbDr. Juan Ram\u00f3n de la Fuente Ram\u00edrez\u00bb _builder_version=\u00bb4.4.1&#8243;]<iframe loading=\"lazy\" width=\"560\" height=\"315\" src=\"https:\/\/www.youtube.com\/embed\/HErNhaf_d3Q\" frameborder=\"0\" allow=\"accelerometer; autoplay; encrypted-media; gyroscope; picture-in-picture\" allowfullscreen><\/iframe>[\/et_pb_code][et_pb_text admin_label=\u00bbT\u00edtulo Dr. Juan Ram\u00f3n de la Fuente Ram\u00edrez\u00bb _builder_version=\u00bb4.4.3&#8243; text_text_color=\u00bb#1a0052&#8243; text_font_size=\u00bb21px\u00bb custom_margin=\u00bb||7px|||\u00bb]<\/p>\n<p style=\"text-align: center;\">Dr. Juan Ram\u00f3n de la Fuente Ram\u00edrez<\/p>\n<p>[\/et_pb_text][et_pb_code admin_label=\u00bbDr. Gerhard Heinze Martin\u00bb _builder_version=\u00bb4.4.1&#8243;]<iframe loading=\"lazy\" width=\"560\" height=\"315\" src=\"https:\/\/www.youtube.com\/embed\/GyDkh6B_OKU\" frameborder=\"0\" allow=\"accelerometer; autoplay; encrypted-media; gyroscope; picture-in-picture\" allowfullscreen><\/iframe>[\/et_pb_code][et_pb_text admin_label=\u00bbT\u00edtulo Dr. Gerhard Heinze Martin\u00bb _builder_version=\u00bb4.6.6&#8243; text_text_color=\u00bb#1a0052&#8243; text_font_size=\u00bb21px\u00bb hover_enabled=\u00bb0&#8243; sticky_enabled=\u00bb0&#8243;]<\/p>\n<p style=\"text-align: center;\">Dr. Gerhard Heinze Martin<\/p>\n<p>[\/et_pb_text][\/et_pb_column][et_pb_column type=\u00bb1_3&#8243; _builder_version=\u00bb4.4.1&#8243;][et_pb_code admin_label=\u00bbDr. Jos\u00e9 Halabe Cherem\u00bb _builder_version=\u00bb4.4.1&#8243;]<iframe loading=\"lazy\" width=\"560\" height=\"315\" src=\"https:\/\/www.youtube.com\/embed\/BPoeRyz9XaM\" frameborder=\"0\" allow=\"accelerometer; autoplay; encrypted-media; gyroscope; picture-in-picture\" allowfullscreen><\/iframe>[\/et_pb_code][et_pb_text admin_label=\u00bbT\u00edtulo Dr. Jos\u00e9 Halabe Cherem\u00bb _builder_version=\u00bb4.4.3&#8243; text_text_color=\u00bb#1a0052&#8243; text_font_size=\u00bb21px\u00bb]<\/p>\n<p style=\"text-align: center;\">Dr. Jos\u00e9 Halabe Cherem<\/p>\n<p>[\/et_pb_text][et_pb_code admin_label=\u00bbDr. Julio Cacho Salazar\u00bb _builder_version=\u00bb4.4.1&#8243;] <iframe loading=\"lazy\" width=\"560\" height=\"315\" src=\"https:\/\/www.youtube.com\/embed\/G_48KaWEoZk\" frameborder=\"0\" allow=\"accelerometer; autoplay; encrypted-media; gyroscope; picture-in-picture\" allowfullscreen><\/iframe>[\/et_pb_code][et_pb_text admin_label=\u00bbT\u00edtulo Dr. Julio Cacho Salazar\u00bb _builder_version=\u00bb4.4.3&#8243; text_text_color=\u00bb#1a0052&#8243; text_font_size=\u00bb21px\u00bb]<\/p>\n<p style=\"text-align: center;\">Dr. Julio Cacho Salazar<\/p>\n<p>[\/et_pb_text][\/et_pb_column][\/et_pb_row][\/et_pb_section]<\/p>\n","protected":false},"excerpt":{"rendered":"<p>BIEVENIDOS AL PUEMVIDEOTECADr. Germ\u00e1n Fajardo DolciDr. Rogelio Chavolla Maga\u00f1a Dr. Juan Ram\u00f3n de la Fuente Ram\u00edrezDr. Gerhard Heinze Martin Dr. Jos\u00e9 Halabe CheremDr. Julio Cacho Salazar<\/p>\n","protected":false},"author":4,"featured_media":0,"parent":0,"menu_order":0,"comment_status":"closed","ping_status":"closed","template":"","meta":{"_acf_changed":false,"_et_pb_use_builder":"on","_et_pb_old_content":"","_et_gb_content_width":"","footnotes":""},"class_list":["post-930","page","type-page","status-publish","hentry"],"acf":[],"_links":{"self":[{"href":"https:\/\/www.fmposgrado.unam.mx\/index.php\/wp-json\/wp\/v2\/pages\/930","targetHints":{"allow":["GET"]}}],"collection":[{"href":"https:\/\/www.fmposgrado.unam.mx\/index.php\/wp-json\/wp\/v2\/pages"}],"about":[{"href":"https:\/\/www.fmposgrado.unam.mx\/index.php\/wp-json\/wp\/v2\/types\/page"}],"author":[{"embeddable":true,"href":"https:\/\/www.fmposgrado.unam.mx\/index.php\/wp-json\/wp\/v2\/users\/4"}],"replies":[{"embeddable":true,"href":"https:\/\/www.fmposgrado.unam.mx\/index.php\/wp-json\/wp\/v2\/comments?post=930"}],"version-history":[{"count":5,"href":"https:\/\/www.fmposgrado.unam.mx\/index.php\/wp-json\/wp\/v2\/pages\/930\/revisions"}],"predecessor-version":[{"id":3554,"href":"https:\/\/www.fmposgrado.unam.mx\/index.php\/wp-json\/wp\/v2\/pages\/930\/revisions\/3554"}],"wp:attachment":[{"href":"https:\/\/www.fmposgrado.unam.mx\/index.php\/wp-json\/wp\/v2\/media?parent=930"}],"curies":[{"name":"wp","href":"https:\/\/api.w.org\/{rel}","templated":true}]}}